{"id":1265,"date":"2023-03-22T10:35:20","date_gmt":"2023-03-22T10:35:20","guid":{"rendered":"https:\/\/kervaninterior.com.tr\/?page_id=1265"},"modified":"2023-03-22T10:40:42","modified_gmt":"2023-03-22T10:40:42","slug":"istanbul-mobilya-ureticileri","status":"publish","type":"page","link":"https:\/\/kervaninterior.com.tr\/en\/istanbul-mobilya-ureticileri\/","title":{"rendered":"\u0130stanbul Mobilya \u00dcreticileri"},"content":{"rendered":"<div data-elementor-type=\"wp-page\" data-elementor-id=\"1265\" class=\"elementor elementor-1265\">\n\t\t\t\t\t\t<div class=\"elementor-inner\">\n\t\t\t\t<div class=\"elementor-section-wrap\">\n\t\t\t\t\t\t\t\t\t<section class=\"elementor-section elementor-top-section elementor-element elementor-element-31c723b1 elementor-section-height-min-height elementor-hidden-phone elementor-section-full_width elementor-section-stretched elementor-section-height-default elementor-section-items-middle\" data-id=\"31c723b1\" data-element_type=\"section\" data-settings=\"{&quot;jet_parallax_layout_list&quot;:[{&quot;jet_parallax_layout_image&quot;:{&quot;url&quot;:&quot;&quot;,&quot;id&quot;:&quot;&quot;,&quot;size&quot;:&quot;&quot;},&quot;_id&quot;:&quot;0a622b5&quot;,&quot;jet_parallax_layout_image_tablet&quot;:{&quot;url&quot;:&quot;&quot;,&quot;id&quot;:&quot;&quot;,&quot;size&quot;:&quot;&quot;},&quot;jet_parallax_layout_image_mobile&quot;:{&quot;url&quot;:&quot;&quot;,&quot;id&quot;:&quot;&quot;,&quot;size&quot;:&quot;&quot;},&quot;jet_parallax_layout_speed&quot;:{&quot;unit&quot;:&quot;%&quot;,&quot;size&quot;:50,&quot;sizes&quot;:[]},&quot;jet_parallax_layout_type&quot;:&quot;scroll&quot;,&quot;jet_parallax_layout_direction&quot;:null,&quot;jet_parallax_layout_fx_direction&quot;:null,&quot;jet_parallax_layout_z_index&quot;:&quot;&quot;,&quot;jet_parallax_layout_bg_x&quot;:50,&quot;jet_parallax_layout_bg_x_tablet&quot;:&quot;&quot;,&quot;jet_parallax_layout_bg_x_mobile&quot;:&quot;&quot;,&quot;jet_parallax_layout_bg_y&quot;:50,&quot;jet_parallax_layout_bg_y_tablet&quot;:&quot;&quot;,&quot;jet_parallax_layout_bg_y_mobile&quot;:&quot;&quot;,&quot;jet_parallax_layout_bg_size&quot;:&quot;auto&quot;,&quot;jet_parallax_layout_bg_size_tablet&quot;:&quot;&quot;,&quot;jet_parallax_layout_bg_size_mobile&quot;:&quot;&quot;,&quot;jet_parallax_layout_animation_prop&quot;:&quot;transform&quot;,&quot;jet_parallax_layout_on&quot;:[&quot;desktop&quot;,&quot;tablet&quot;]}],&quot;background_background&quot;:&quot;slideshow&quot;,&quot;background_slideshow_gallery&quot;:[{&quot;id&quot;:864,&quot;url&quot;:&quot;http:\\\/\\\/kervaninterior.com.tr\\\/wp-content\\\/uploads\\\/2020\\\/12\\\/kervan-desktop-slider-01-1.jpg&quot;},{&quot;id&quot;:865,&quot;url&quot;:&quot;http:\\\/\\\/kervaninterior.com.tr\\\/wp-content\\\/uploads\\\/2020\\\/12\\\/kervan-desktop-slider-02-1.jpg&quot;},{&quot;id&quot;:866,&quot;url&quot;:&quot;http:\\\/\\\/kervaninterior.com.tr\\\/wp-content\\\/uploads\\\/2020\\\/12\\\/kervan-desktop-slider-03-1.jpg&quot;},{&quot;id&quot;:867,&quot;url&quot;:&quot;http:\\\/\\\/kervaninterior.com.tr\\\/wp-content\\\/uploads\\\/2020\\\/12\\\/kervan-desktop-slider-04-1.jpg&quot;},{&quot;id&quot;:868,&quot;url&quot;:&quot;http:\\\/\\\/kervaninterior.com.tr\\\/wp-content\\\/uploads\\\/2020\\\/12\\\/kervan-desktop-slider-05-1.jpg&quot;},{&quot;id&quot;:869,&quot;url&quot;:&quot;http:\\\/\\\/kervaninterior.com.tr\\\/wp-content\\\/uploads\\\/2020\\\/12\\\/kervan-desktop-slider-06-1.jpg&quot;}],&quot;background_slideshow_ken_burns&quot;:&quot;yes&quot;,&quot;stretch_section&quot;:&quot;section-stretched&quot;,&quot;background_slideshow_loop&quot;:&quot;yes&quot;,&quot;background_slideshow_slide_duration&quot;:5000,&quot;background_slideshow_slide_transition&quot;:&quot;fade&quot;,&quot;background_slideshow_transition_duration&quot;:500,&quot;background_slideshow_ken_burns_zoom_direction&quot;:&quot;in&quot;}\">\n\t\t\t\t\t\t<div class=\"elementor-container elementor-column-gap-no\">\n\t\t\t\t\t\t\t<div class=\"elementor-row\">\n\t\t\t\t\t<div class=\"elementor-column elementor-col-100 elementor-top-column elementor-element elementor-element-bfc4023\" data-id=\"bfc4023\" data-element_type=\"column\">\n\t\t\t<div class=\"elementor-column-wrap\">\n\t\t\t\t\t\t\t<div class=\"elementor-widget-wrap\">\n\t\t\t\t\t\t\t\t<\/div>\n\t\t\t\t\t<\/div>\n\t\t<\/div>\n\t\t\t\t\t\t\t\t<\/div>\n\t\t\t\t\t<\/div>\n\t\t<\/section>\n\t\t\t\t<section class=\"elementor-section elementor-top-section elementor-element elementor-element-248ffb94 elementor-section-height-min-height elementor-hidden-desktop elementor-hidden-tablet elementor-section-stretched elementor-section-boxed elementor-section-height-default elementor-section-items-middle\" data-id=\"248ffb94\" data-element_type=\"section\" data-settings=\"{&quot;jet_parallax_layout_list&quot;:[{&quot;jet_parallax_layout_image&quot;:{&quot;url&quot;:&quot;&quot;,&quot;id&quot;:&quot;&quot;,&quot;size&quot;:&quot;&quot;},&quot;_id&quot;:&quot;0a622b5&quot;,&quot;jet_parallax_layout_image_tablet&quot;:{&quot;url&quot;:&quot;&quot;,&quot;id&quot;:&quot;&quot;,&quot;size&quot;:&quot;&quot;},&quot;jet_parallax_layout_image_mobile&quot;:{&quot;url&quot;:&quot;&quot;,&quot;id&quot;:&quot;&quot;,&quot;size&quot;:&quot;&quot;},&quot;jet_parallax_layout_speed&quot;:{&quot;unit&quot;:&quot;%&quot;,&quot;size&quot;:50,&quot;sizes&quot;:[]},&quot;jet_parallax_layout_type&quot;:&quot;scroll&quot;,&quot;jet_parallax_layout_direction&quot;:null,&quot;jet_parallax_layout_fx_direction&quot;:null,&quot;jet_parallax_layout_z_index&quot;:&quot;&quot;,&quot;jet_parallax_layout_bg_x&quot;:50,&quot;jet_parallax_layout_bg_x_tablet&quot;:&quot;&quot;,&quot;jet_parallax_layout_bg_x_mobile&quot;:&quot;&quot;,&quot;jet_parallax_layout_bg_y&quot;:50,&quot;jet_parallax_layout_bg_y_tablet&quot;:&quot;&quot;,&quot;jet_parallax_layout_bg_y_mobile&quot;:&quot;&quot;,&quot;jet_parallax_layout_bg_size&quot;:&quot;auto&quot;,&quot;jet_parallax_layout_bg_size_tablet&quot;:&quot;&quot;,&quot;jet_parallax_layout_bg_size_mobile&quot;:&quot;&quot;,&quot;jet_parallax_layout_animation_prop&quot;:&quot;transform&quot;,&quot;jet_parallax_layout_on&quot;:[&quot;desktop&quot;,&quot;tablet&quot;]}],&quot;background_background&quot;:&quot;slideshow&quot;,&quot;background_slideshow_gallery&quot;:[{&quot;id&quot;:857,&quot;url&quot;:&quot;http:\\\/\\\/kervaninterior.com.tr\\\/wp-content\\\/uploads\\\/2020\\\/12\\\/kervan-interior-01.jpg&quot;},{&quot;id&quot;:858,&quot;url&quot;:&quot;http:\\\/\\\/kervaninterior.com.tr\\\/wp-content\\\/uploads\\\/2020\\\/12\\\/kervan-interior-02.jpg&quot;},{&quot;id&quot;:859,&quot;url&quot;:&quot;http:\\\/\\\/kervaninterior.com.tr\\\/wp-content\\\/uploads\\\/2020\\\/12\\\/kervan-interior-03.jpg&quot;},{&quot;id&quot;:860,&quot;url&quot;:&quot;http:\\\/\\\/kervaninterior.com.tr\\\/wp-content\\\/uploads\\\/2020\\\/12\\\/kervan-interior-04.jpg&quot;},{&quot;id&quot;:861,&quot;url&quot;:&quot;http:\\\/\\\/kervaninterior.com.tr\\\/wp-content\\\/uploads\\\/2020\\\/12\\\/kervan-interior-05.jpg&quot;},{&quot;id&quot;:862,&quot;url&quot;:&quot;http:\\\/\\\/kervaninterior.com.tr\\\/wp-content\\\/uploads\\\/2020\\\/12\\\/kervan-interior-06.jpg&quot;},{&quot;id&quot;:863,&quot;url&quot;:&quot;http:\\\/\\\/kervaninterior.com.tr\\\/wp-content\\\/uploads\\\/2020\\\/12\\\/kervan-interior-07.jpg&quot;}],&quot;background_slideshow_ken_burns&quot;:&quot;yes&quot;,&quot;stretch_section&quot;:&quot;section-stretched&quot;,&quot;background_slideshow_loop&quot;:&quot;yes&quot;,&quot;background_slideshow_slide_duration&quot;:5000,&quot;background_slideshow_slide_transition&quot;:&quot;fade&quot;,&quot;background_slideshow_transition_duration&quot;:500,&quot;background_slideshow_ken_burns_zoom_direction&quot;:&quot;in&quot;}\">\n\t\t\t\t\t\t<div class=\"elementor-container elementor-column-gap-no\">\n\t\t\t\t\t\t\t<div class=\"elementor-row\">\n\t\t\t\t\t<div class=\"elementor-column elementor-col-100 elementor-top-column elementor-element elementor-element-1c1bc808\" data-id=\"1c1bc808\" data-element_type=\"column\">\n\t\t\t<div class=\"elementor-column-wrap\">\n\t\t\t\t\t\t\t<div class=\"elementor-widget-wrap\">\n\t\t\t\t\t\t\t\t<\/div>\n\t\t\t\t\t<\/div>\n\t\t<\/div>\n\t\t\t\t\t\t\t\t<\/div>\n\t\t\t\t\t<\/div>\n\t\t<\/section>\n\t\t\t\t<section class=\"elementor-section elementor-top-section elementor-element elementor-element-51fa103 elementor-section-boxed elementor-section-height-default elementor-section-height-default\" data-id=\"51fa103\" data-element_type=\"section\" data-settings=\"{&quot;jet_parallax_layout_list&quot;:[{&quot;jet_parallax_layout_image&quot;:{&quot;url&quot;:&quot;&quot;,&quot;id&quot;:&quot;&quot;,&quot;size&quot;:&quot;&quot;},&quot;_id&quot;:&quot;4e63239&quot;,&quot;jet_parallax_layout_image_tablet&quot;:{&quot;url&quot;:&quot;&quot;,&quot;id&quot;:&quot;&quot;,&quot;size&quot;:&quot;&quot;},&quot;jet_parallax_layout_image_mobile&quot;:{&quot;url&quot;:&quot;&quot;,&quot;id&quot;:&quot;&quot;,&quot;size&quot;:&quot;&quot;},&quot;jet_parallax_layout_speed&quot;:{&quot;unit&quot;:&quot;%&quot;,&quot;size&quot;:50,&quot;sizes&quot;:[]},&quot;jet_parallax_layout_type&quot;:&quot;scroll&quot;,&quot;jet_parallax_layout_direction&quot;:null,&quot;jet_parallax_layout_fx_direction&quot;:null,&quot;jet_parallax_layout_z_index&quot;:&quot;&quot;,&quot;jet_parallax_layout_bg_x&quot;:50,&quot;jet_parallax_layout_bg_x_tablet&quot;:&quot;&quot;,&quot;jet_parallax_layout_bg_x_mobile&quot;:&quot;&quot;,&quot;jet_parallax_layout_bg_y&quot;:50,&quot;jet_parallax_layout_bg_y_tablet&quot;:&quot;&quot;,&quot;jet_parallax_layout_bg_y_mobile&quot;:&quot;&quot;,&quot;jet_parallax_layout_bg_size&quot;:&quot;auto&quot;,&quot;jet_parallax_layout_bg_size_tablet&quot;:&quot;&quot;,&quot;jet_parallax_layout_bg_size_mobile&quot;:&quot;&quot;,&quot;jet_parallax_layout_animation_prop&quot;:&quot;transform&quot;,&quot;jet_parallax_layout_on&quot;:[&quot;desktop&quot;,&quot;tablet&quot;]}]}\">\n\t\t\t\t\t\t<div class=\"elementor-container elementor-column-gap-default\">\n\t\t\t\t\t\t\t<div class=\"elementor-row\">\n\t\t\t\t\t<div class=\"elementor-column elementor-col-100 elementor-top-column elementor-element elementor-element-882f35a\" data-id=\"882f35a\" data-element_type=\"column\">\n\t\t\t<div class=\"elementor-column-wrap elementor-element-populated\">\n\t\t\t\t\t\t\t<div class=\"elementor-widget-wrap\">\n\t\t\t\t\t\t<div class=\"elementor-element elementor-element-7e7c4fd elementor-widget elementor-widget-text-editor\" data-id=\"7e7c4fd\" data-element_type=\"widget\" data-widget_type=\"text-editor.default\">\n\t\t\t\t<div class=\"elementor-widget-container\">\n\t\t\t\t\t\t\t\t<div class=\"elementor-text-editor elementor-clearfix\">\n\t\t\t\t<div class=\"page-bottom-title\"><h2>\u0130stanbul Mobilya \u00dcreticileri<\/h2><p>\u0130stanbul Mobilya \u00dcreticileri, tarihi boyunca pek \u00e7ok ki\u015finin ilgisini \u00e7ekti. Mobilya \u00fcretiminde \u00f6zellikle son y\u0131llarda \u00f6nemli bir merkez haline gelen \u0130stanbul, d\u00fcnyan\u0131n d\u00f6rt bir yan\u0131ndan insanlar\u0131 \u00e7ekmeye devam ediyor.Kervan Interior, \u0130stanbul mobilya \u00fcreticilerinin aras\u0131nda \u00f6ne \u00e7\u0131kan markalardan biridir. Tasar\u0131mlar\u0131ndaki \u00f6zg\u00fcnl\u00fck ve kalite standartlar\u0131 sayesinde, marka k\u0131sa s\u00fcrede sekt\u00f6rde kendine sayg\u0131n bir yer edindi. Kervan Interior, \u0130stanbul&#8217;un tarihine sayg\u0131 duyan ve moderniteyi harmanlayan tasar\u0131mlar\u0131yla m\u00fc\u015fterilerine benzersiz bir deneyim sunar.Kervan Interior, mobilya \u00fcretiminde \u0130stanbul&#8217;un k\u00f6kl\u00fc tarihinden ilham al\u0131r. \u0130stanbul&#8217;un sokaklar\u0131, tarihi binalar\u0131 ve k\u00fclt\u00fcrel miras\u0131, tasar\u0131mlar\u0131nda yans\u0131yan unsurlar aras\u0131ndad\u0131r. Bu nedenle, Kervan Interior mobilyalar\u0131 \u0130stanbul&#8217;un tarihini ve k\u00fclt\u00fcr\u00fcn\u00fc yans\u0131t\u0131r.<\/p><p>Kervan Interior, mobilya sekt\u00f6r\u00fcnde \u00f6nc\u00fc bir marka olarak, tasar\u0131mlar\u0131nda s\u00fcrd\u00fcr\u00fclebilirli\u011fi de g\u00f6z \u00f6n\u00fcnde bulundurur. Do\u011fay\u0131 ve \u00e7evreyi korumak i\u00e7in geri d\u00f6n\u00fc\u015ft\u00fcr\u00fclebilir malzemeler kullanarak, \u00e7evre dostu mobilyalar \u00fcretir. Bu yakla\u015f\u0131m\u0131yla, Kervan Interior hem do\u011fay\u0131 korur hem de m\u00fc\u015fterilerine sa\u011fl\u0131kl\u0131 bir ya\u015fam alan\u0131 sunar.Sonu\u00e7 olarak, \u0130stanbul Mobilya \u00dcreticileri aras\u0131nda yer alan Kervan Interior, \u00f6zg\u00fcn tasar\u0131mlar\u0131, kaliteli \u00fcr\u00fcnleri ve \u00e7evre dostu yakla\u015f\u0131m\u0131yla m\u00fc\u015fterilerinin beklentilerini kar\u015f\u0131lamaya devam ediyor. \u0130stanbul&#8217;un tarihine sayg\u0131 duyan, modern ve s\u00fcrd\u00fcr\u00fclebilir tasar\u0131mlar\u0131yla Kervan Interior, mobilya sekt\u00f6r\u00fcnde fark yaratan bir markad\u0131r.<\/p><p>Kervan Interior&#8217;un tasar\u0131m anlay\u0131\u015f\u0131 ve \u00fcr\u00fcnleri hakk\u0131nda daha fazla bilgi vermek gerekirse, marka \u00e7e\u015fitli mobilya t\u00fcrlerinde \u00fcretim yapmaktad\u0131r. Oturma odas\u0131, yemek odas\u0131, yatak odas\u0131, ofis mobilyalar\u0131 gibi farkl\u0131 ya\u015fam alanlar\u0131 i\u00e7in \u00f6zg\u00fcn tasar\u0131mlar sunar. \u00dcr\u00fcnlerinde kullan\u0131lan malzemelerin kalitesi ve i\u015f\u00e7ili\u011fi de markan\u0131n \u00f6ne \u00e7\u0131kan \u00f6zellikleri aras\u0131ndad\u0131r.Kervan Interior, \u00fcr\u00fcnlerinde sadece estetik de\u011fil, ayn\u0131 zamanda fonksiyonelli\u011fi de \u00f6n planda tutar. Tasar\u0131mlar\u0131nda kullan\u0131c\u0131lar\u0131n ihtiya\u00e7lar\u0131na cevap verecek \u015fekilde hareket eder ve ergonomiye \u00f6zen g\u00f6sterir. Bu sayede m\u00fc\u015fteriler, estetik g\u00f6r\u00fcn\u00fcmlerin yan\u0131 s\u0131ra fonksiyonel ve kullan\u0131\u015fl\u0131 mobilyalarla da tan\u0131\u015f\u0131r.<\/p><p>M\u00fc\u015fteri memnuniyetine \u00f6nem veren Kervan Interior, sat\u0131\u015f sonras\u0131 hizmetleriyle de \u00f6ne \u00e7\u0131kar. \u00dcr\u00fcnlerindeki olas\u0131 sorunlar i\u00e7in \u00e7\u00f6z\u00fcm odakl\u0131 yakla\u015f\u0131m sergiler ve m\u00fc\u015fterilerinin memnuniyetini sa\u011flar.Sonu\u00e7 olarak, \u0130stanbul Mobilya \u00dcreticileri aras\u0131nda \u00f6ne \u00e7\u0131kan Kervan Interior, \u00f6zg\u00fcn tasar\u0131mlar\u0131, kaliteli malzemeleri, \u00e7evre dostu yakla\u015f\u0131m\u0131 ve m\u00fc\u015fteri memnuniyetine verdi\u011fi \u00f6nemle sekt\u00f6rde fark yaratmaktad\u0131r. \u0130stanbul&#8217;un tarihi ve k\u00fclt\u00fcr\u00fcne sayg\u0131 duyan tasar\u0131mlar\u0131yla m\u00fc\u015fterilerine benzersiz bir deneyim sunan marka, mobilya sekt\u00f6r\u00fcnde g\u00fcvenilir bir tercih olarak \u00f6ne \u00e7\u0131kmaktad\u0131r.<\/p><\/div>\t\t\t\t\t<\/div>\n\t\t\t\t\t\t<\/div>\n\t\t\t\t<\/div>\n\t\t\t\t\t\t<\/div>\n\t\t\t\t\t<\/div>\n\t\t<\/div>\n\t\t\t\t\t\t\t\t<\/div>\n\t\t\t\t\t<\/div>\n\t\t<\/section>\n\t\t\t\t\t\t\t\t\t<\/div>\n\t\t\t<\/div>\n\t\t\t\t\t<\/div>","protected":false},"excerpt":{"rendered":"<p>\u0130stanbul Mobilya \u00dcreticileri \u0130stanbul Mobilya \u00dcreticileri, tarihi boyunca pek \u00e7ok ki\u015finin ilgisini \u00e7ekti. Mobilya \u00fcretiminde \u00f6zellikle son y\u0131llarda \u00f6nemli bir merkez haline gelen \u0130stanbul, d\u00fcnyan\u0131n d\u00f6rt bir yan\u0131ndan insanlar\u0131 \u00e7ekmeye devam ediyor.Kervan Interior, \u0130stanbul mobilya \u00fcreticilerinin aras\u0131nda \u00f6ne \u00e7\u0131kan markalardan biridir. Tasar\u0131mlar\u0131ndaki \u00f6zg\u00fcnl\u00fck ve kalite standartlar\u0131 sayesinde, marka k\u0131sa s\u00fcrede sekt\u00f6rde kendine sayg\u0131n bir yer [&hellip;]<\/p>","protected":false},"author":1,"featured_media":0,"parent":0,"menu_order":0,"comment_status":"closed","ping_status":"closed","template":"","meta":[],"acf":[],"_links":{"self":[{"href":"https:\/\/kervaninterior.com.tr\/en\/wp-json\/wp\/v2\/pages\/1265"}],"collection":[{"href":"https:\/\/kervaninterior.com.tr\/en\/wp-json\/wp\/v2\/pages"}],"about":[{"href":"https:\/\/kervaninterior.com.tr\/en\/wp-json\/wp\/v2\/types\/page"}],"author":[{"embeddable":true,"href":"https:\/\/kervaninterior.com.tr\/en\/wp-json\/wp\/v2\/users\/1"}],"replies":[{"embeddable":true,"href":"https:\/\/kervaninterior.com.tr\/en\/wp-json\/wp\/v2\/comments?post=1265"}],"version-history":[{"count":7,"href":"https:\/\/kervaninterior.com.tr\/en\/wp-json\/wp\/v2\/pages\/1265\/revisions"}],"predecessor-version":[{"id":1273,"href":"https:\/\/kervaninterior.com.tr\/en\/wp-json\/wp\/v2\/pages\/1265\/revisions\/1273"}],"wp:attachment":[{"href":"https:\/\/kervaninterior.com.tr\/en\/wp-json\/wp\/v2\/media?parent=1265"}],"curies":[{"name":"wp","href":"https:\/\/api.w.org\/{rel}","templated":true}]}}