{"id":1250,"date":"2023-03-22T10:27:36","date_gmt":"2023-03-22T10:27:36","guid":{"rendered":"https:\/\/kervaninterior.com.tr\/?page_id=1250"},"modified":"2023-03-22T10:34:21","modified_gmt":"2023-03-22T10:34:21","slug":"istanbul-yemek-odasi-takimlari","status":"publish","type":"page","link":"https:\/\/kervaninterior.com.tr\/en\/istanbul-yemek-odasi-takimlari\/","title":{"rendered":"\u0130stanbul Yemek Odas\u0131 Tak\u0131mlar\u0131"},"content":{"rendered":"<div data-elementor-type=\"wp-page\" data-elementor-id=\"1250\" class=\"elementor elementor-1250\">\n\t\t\t\t\t\t<div class=\"elementor-inner\">\n\t\t\t\t<div class=\"elementor-section-wrap\">\n\t\t\t\t\t\t\t\t\t<section class=\"elementor-section elementor-top-section elementor-element elementor-element-4ecbd30 elementor-section-height-min-height elementor-hidden-phone elementor-section-full_width elementor-section-stretched elementor-section-height-default elementor-section-items-middle\" data-id=\"4ecbd30\" data-element_type=\"section\" data-settings=\"{&quot;jet_parallax_layout_list&quot;:[{&quot;jet_parallax_layout_image&quot;:{&quot;url&quot;:&quot;&quot;,&quot;id&quot;:&quot;&quot;,&quot;size&quot;:&quot;&quot;},&quot;_id&quot;:&quot;0a622b5&quot;,&quot;jet_parallax_layout_image_tablet&quot;:{&quot;url&quot;:&quot;&quot;,&quot;id&quot;:&quot;&quot;,&quot;size&quot;:&quot;&quot;},&quot;jet_parallax_layout_image_mobile&quot;:{&quot;url&quot;:&quot;&quot;,&quot;id&quot;:&quot;&quot;,&quot;size&quot;:&quot;&quot;},&quot;jet_parallax_layout_speed&quot;:{&quot;unit&quot;:&quot;%&quot;,&quot;size&quot;:50,&quot;sizes&quot;:[]},&quot;jet_parallax_layout_type&quot;:&quot;scroll&quot;,&quot;jet_parallax_layout_direction&quot;:null,&quot;jet_parallax_layout_fx_direction&quot;:null,&quot;jet_parallax_layout_z_index&quot;:&quot;&quot;,&quot;jet_parallax_layout_bg_x&quot;:50,&quot;jet_parallax_layout_bg_x_tablet&quot;:&quot;&quot;,&quot;jet_parallax_layout_bg_x_mobile&quot;:&quot;&quot;,&quot;jet_parallax_layout_bg_y&quot;:50,&quot;jet_parallax_layout_bg_y_tablet&quot;:&quot;&quot;,&quot;jet_parallax_layout_bg_y_mobile&quot;:&quot;&quot;,&quot;jet_parallax_layout_bg_size&quot;:&quot;auto&quot;,&quot;jet_parallax_layout_bg_size_tablet&quot;:&quot;&quot;,&quot;jet_parallax_layout_bg_size_mobile&quot;:&quot;&quot;,&quot;jet_parallax_layout_animation_prop&quot;:&quot;transform&quot;,&quot;jet_parallax_layout_on&quot;:[&quot;desktop&quot;,&quot;tablet&quot;]}],&quot;background_background&quot;:&quot;slideshow&quot;,&quot;background_slideshow_gallery&quot;:[{&quot;id&quot;:864,&quot;url&quot;:&quot;http:\\\/\\\/kervaninterior.com.tr\\\/wp-content\\\/uploads\\\/2020\\\/12\\\/kervan-desktop-slider-01-1.jpg&quot;},{&quot;id&quot;:865,&quot;url&quot;:&quot;http:\\\/\\\/kervaninterior.com.tr\\\/wp-content\\\/uploads\\\/2020\\\/12\\\/kervan-desktop-slider-02-1.jpg&quot;},{&quot;id&quot;:866,&quot;url&quot;:&quot;http:\\\/\\\/kervaninterior.com.tr\\\/wp-content\\\/uploads\\\/2020\\\/12\\\/kervan-desktop-slider-03-1.jpg&quot;},{&quot;id&quot;:867,&quot;url&quot;:&quot;http:\\\/\\\/kervaninterior.com.tr\\\/wp-content\\\/uploads\\\/2020\\\/12\\\/kervan-desktop-slider-04-1.jpg&quot;},{&quot;id&quot;:868,&quot;url&quot;:&quot;http:\\\/\\\/kervaninterior.com.tr\\\/wp-content\\\/uploads\\\/2020\\\/12\\\/kervan-desktop-slider-05-1.jpg&quot;},{&quot;id&quot;:869,&quot;url&quot;:&quot;http:\\\/\\\/kervaninterior.com.tr\\\/wp-content\\\/uploads\\\/2020\\\/12\\\/kervan-desktop-slider-06-1.jpg&quot;}],&quot;background_slideshow_ken_burns&quot;:&quot;yes&quot;,&quot;stretch_section&quot;:&quot;section-stretched&quot;,&quot;background_slideshow_loop&quot;:&quot;yes&quot;,&quot;background_slideshow_slide_duration&quot;:5000,&quot;background_slideshow_slide_transition&quot;:&quot;fade&quot;,&quot;background_slideshow_transition_duration&quot;:500,&quot;background_slideshow_ken_burns_zoom_direction&quot;:&quot;in&quot;}\">\n\t\t\t\t\t\t<div class=\"elementor-container elementor-column-gap-no\">\n\t\t\t\t\t\t\t<div class=\"elementor-row\">\n\t\t\t\t\t<div class=\"elementor-column elementor-col-100 elementor-top-column elementor-element elementor-element-60935252\" data-id=\"60935252\" data-element_type=\"column\">\n\t\t\t<div class=\"elementor-column-wrap\">\n\t\t\t\t\t\t\t<div class=\"elementor-widget-wrap\">\n\t\t\t\t\t\t\t\t<\/div>\n\t\t\t\t\t<\/div>\n\t\t<\/div>\n\t\t\t\t\t\t\t\t<\/div>\n\t\t\t\t\t<\/div>\n\t\t<\/section>\n\t\t\t\t<section class=\"elementor-section elementor-top-section elementor-element elementor-element-296029dd elementor-section-height-min-height elementor-hidden-desktop elementor-hidden-tablet elementor-section-stretched elementor-section-boxed elementor-section-height-default elementor-section-items-middle\" data-id=\"296029dd\" data-element_type=\"section\" data-settings=\"{&quot;jet_parallax_layout_list&quot;:[{&quot;jet_parallax_layout_image&quot;:{&quot;url&quot;:&quot;&quot;,&quot;id&quot;:&quot;&quot;,&quot;size&quot;:&quot;&quot;},&quot;_id&quot;:&quot;0a622b5&quot;,&quot;jet_parallax_layout_image_tablet&quot;:{&quot;url&quot;:&quot;&quot;,&quot;id&quot;:&quot;&quot;,&quot;size&quot;:&quot;&quot;},&quot;jet_parallax_layout_image_mobile&quot;:{&quot;url&quot;:&quot;&quot;,&quot;id&quot;:&quot;&quot;,&quot;size&quot;:&quot;&quot;},&quot;jet_parallax_layout_speed&quot;:{&quot;unit&quot;:&quot;%&quot;,&quot;size&quot;:50,&quot;sizes&quot;:[]},&quot;jet_parallax_layout_type&quot;:&quot;scroll&quot;,&quot;jet_parallax_layout_direction&quot;:null,&quot;jet_parallax_layout_fx_direction&quot;:null,&quot;jet_parallax_layout_z_index&quot;:&quot;&quot;,&quot;jet_parallax_layout_bg_x&quot;:50,&quot;jet_parallax_layout_bg_x_tablet&quot;:&quot;&quot;,&quot;jet_parallax_layout_bg_x_mobile&quot;:&quot;&quot;,&quot;jet_parallax_layout_bg_y&quot;:50,&quot;jet_parallax_layout_bg_y_tablet&quot;:&quot;&quot;,&quot;jet_parallax_layout_bg_y_mobile&quot;:&quot;&quot;,&quot;jet_parallax_layout_bg_size&quot;:&quot;auto&quot;,&quot;jet_parallax_layout_bg_size_tablet&quot;:&quot;&quot;,&quot;jet_parallax_layout_bg_size_mobile&quot;:&quot;&quot;,&quot;jet_parallax_layout_animation_prop&quot;:&quot;transform&quot;,&quot;jet_parallax_layout_on&quot;:[&quot;desktop&quot;,&quot;tablet&quot;]}],&quot;background_background&quot;:&quot;slideshow&quot;,&quot;background_slideshow_gallery&quot;:[{&quot;id&quot;:857,&quot;url&quot;:&quot;http:\\\/\\\/kervaninterior.com.tr\\\/wp-content\\\/uploads\\\/2020\\\/12\\\/kervan-interior-01.jpg&quot;},{&quot;id&quot;:858,&quot;url&quot;:&quot;http:\\\/\\\/kervaninterior.com.tr\\\/wp-content\\\/uploads\\\/2020\\\/12\\\/kervan-interior-02.jpg&quot;},{&quot;id&quot;:859,&quot;url&quot;:&quot;http:\\\/\\\/kervaninterior.com.tr\\\/wp-content\\\/uploads\\\/2020\\\/12\\\/kervan-interior-03.jpg&quot;},{&quot;id&quot;:860,&quot;url&quot;:&quot;http:\\\/\\\/kervaninterior.com.tr\\\/wp-content\\\/uploads\\\/2020\\\/12\\\/kervan-interior-04.jpg&quot;},{&quot;id&quot;:861,&quot;url&quot;:&quot;http:\\\/\\\/kervaninterior.com.tr\\\/wp-content\\\/uploads\\\/2020\\\/12\\\/kervan-interior-05.jpg&quot;},{&quot;id&quot;:862,&quot;url&quot;:&quot;http:\\\/\\\/kervaninterior.com.tr\\\/wp-content\\\/uploads\\\/2020\\\/12\\\/kervan-interior-06.jpg&quot;},{&quot;id&quot;:863,&quot;url&quot;:&quot;http:\\\/\\\/kervaninterior.com.tr\\\/wp-content\\\/uploads\\\/2020\\\/12\\\/kervan-interior-07.jpg&quot;}],&quot;background_slideshow_ken_burns&quot;:&quot;yes&quot;,&quot;stretch_section&quot;:&quot;section-stretched&quot;,&quot;background_slideshow_loop&quot;:&quot;yes&quot;,&quot;background_slideshow_slide_duration&quot;:5000,&quot;background_slideshow_slide_transition&quot;:&quot;fade&quot;,&quot;background_slideshow_transition_duration&quot;:500,&quot;background_slideshow_ken_burns_zoom_direction&quot;:&quot;in&quot;}\">\n\t\t\t\t\t\t<div class=\"elementor-container elementor-column-gap-no\">\n\t\t\t\t\t\t\t<div class=\"elementor-row\">\n\t\t\t\t\t<div class=\"elementor-column elementor-col-100 elementor-top-column elementor-element elementor-element-5c3b6d54\" data-id=\"5c3b6d54\" data-element_type=\"column\">\n\t\t\t<div class=\"elementor-column-wrap\">\n\t\t\t\t\t\t\t<div class=\"elementor-widget-wrap\">\n\t\t\t\t\t\t\t\t<\/div>\n\t\t\t\t\t<\/div>\n\t\t<\/div>\n\t\t\t\t\t\t\t\t<\/div>\n\t\t\t\t\t<\/div>\n\t\t<\/section>\n\t\t\t\t<section class=\"elementor-section elementor-top-section elementor-element elementor-element-42665d4 elementor-section-boxed elementor-section-height-default elementor-section-height-default\" data-id=\"42665d4\" data-element_type=\"section\" data-settings=\"{&quot;jet_parallax_layout_list&quot;:[{&quot;jet_parallax_layout_image&quot;:{&quot;url&quot;:&quot;&quot;,&quot;id&quot;:&quot;&quot;,&quot;size&quot;:&quot;&quot;},&quot;_id&quot;:&quot;fa162f6&quot;,&quot;jet_parallax_layout_image_tablet&quot;:{&quot;url&quot;:&quot;&quot;,&quot;id&quot;:&quot;&quot;,&quot;size&quot;:&quot;&quot;},&quot;jet_parallax_layout_image_mobile&quot;:{&quot;url&quot;:&quot;&quot;,&quot;id&quot;:&quot;&quot;,&quot;size&quot;:&quot;&quot;},&quot;jet_parallax_layout_speed&quot;:{&quot;unit&quot;:&quot;%&quot;,&quot;size&quot;:50,&quot;sizes&quot;:[]},&quot;jet_parallax_layout_type&quot;:&quot;scroll&quot;,&quot;jet_parallax_layout_direction&quot;:null,&quot;jet_parallax_layout_fx_direction&quot;:null,&quot;jet_parallax_layout_z_index&quot;:&quot;&quot;,&quot;jet_parallax_layout_bg_x&quot;:50,&quot;jet_parallax_layout_bg_x_tablet&quot;:&quot;&quot;,&quot;jet_parallax_layout_bg_x_mobile&quot;:&quot;&quot;,&quot;jet_parallax_layout_bg_y&quot;:50,&quot;jet_parallax_layout_bg_y_tablet&quot;:&quot;&quot;,&quot;jet_parallax_layout_bg_y_mobile&quot;:&quot;&quot;,&quot;jet_parallax_layout_bg_size&quot;:&quot;auto&quot;,&quot;jet_parallax_layout_bg_size_tablet&quot;:&quot;&quot;,&quot;jet_parallax_layout_bg_size_mobile&quot;:&quot;&quot;,&quot;jet_parallax_layout_animation_prop&quot;:&quot;transform&quot;,&quot;jet_parallax_layout_on&quot;:[&quot;desktop&quot;,&quot;tablet&quot;]}]}\">\n\t\t\t\t\t\t<div class=\"elementor-container elementor-column-gap-default\">\n\t\t\t\t\t\t\t<div class=\"elementor-row\">\n\t\t\t\t\t<div class=\"elementor-column elementor-col-100 elementor-top-column elementor-element elementor-element-cee9455\" data-id=\"cee9455\" data-element_type=\"column\">\n\t\t\t<div class=\"elementor-column-wrap elementor-element-populated\">\n\t\t\t\t\t\t\t<div class=\"elementor-widget-wrap\">\n\t\t\t\t\t\t<div class=\"elementor-element elementor-element-cfd424a elementor-widget elementor-widget-text-editor\" data-id=\"cfd424a\" data-element_type=\"widget\" data-widget_type=\"text-editor.default\">\n\t\t\t\t<div class=\"elementor-widget-container\">\n\t\t\t\t\t\t\t\t<div class=\"elementor-text-editor elementor-clearfix\">\n\t\t\t\t<div class=\"page-bottom-title\"><h2>\u0130stanbul Yemek Odas\u0131 Tak\u0131mlar\u0131<\/h2><p>Yemek odas\u0131 tak\u0131mlar\u0131, evinizin kalbi olan yemek odas\u0131n\u0131n dekorasyonunu tamamlamak i\u00e7in kullan\u0131lan \u00f6nemli bir mobilya par\u00e7as\u0131d\u0131r. \u0130stanbul&#8217;daki mobilya ma\u011fazalar\u0131 aras\u0131nda Kervan Interior, \u015f\u0131k ve modern tasar\u0131mlar\u0131yla yemek odas\u0131 tak\u0131mlar\u0131 konusunda \u00f6ne \u00e7\u0131kmaktad\u0131r.<\/p><p>\u00a0<\/p><p>Kervan Interior, \u0130stanbul&#8217;da bir\u00e7ok farkl\u0131 yemek odas\u0131 tak\u0131m\u0131 se\u00e7ene\u011fi sunmaktad\u0131r. Her biri \u00f6zenle se\u00e7ilmi\u015f malzemelerden yap\u0131lm\u0131\u015f olan bu tak\u0131mlar, her zevke uygun tarzlarla tasarlanm\u0131\u015ft\u0131r. \u0130ster klasik bir tarzda, ister modern ve minimalist bir tarzda olsun, Kervan Interior&#8217;un yemek odas\u0131 tak\u0131mlar\u0131, evinize \u015f\u0131kl\u0131k ve zarafet katacakt\u0131r.<\/p><p>\u00a0<\/p><p>\u0130stanbul yemek odas\u0131 tak\u0131mlar\u0131 aras\u0131nda \u00f6ne \u00e7\u0131kan Kervan Interior&#8217;un tasar\u0131mlar\u0131, sadece estetik a\u00e7\u0131dan de\u011fil, ayn\u0131 zamanda fonksiyonellik a\u00e7\u0131s\u0131ndan da dikkat \u00e7ekmektedir. \u00c7o\u011fu yemek odas\u0131 tak\u0131m\u0131, masalar\u0131, sandalyeleri ve vitrinleri i\u00e7erir ve Kervan Interior&#8217;un tak\u0131mlar\u0131, kullan\u0131\u015fl\u0131 raflar\u0131, \u00e7ekmeceleri ve dolaplar\u0131 sayesinde depolama alan\u0131 a\u00e7\u0131s\u0131ndan da avantajl\u0131d\u0131r.<\/p><p>\u00a0<\/p><p>E\u011fer siz de evinizin yemek odas\u0131n\u0131 yenilemek istiyorsan\u0131z, \u0130stanbul mobilya ma\u011fazalar\u0131 aras\u0131nda Kervan Interior&#8217;u tercih edebilirsiniz. \u015e\u0131k, modern ve fonksiyonel yemek odas\u0131 tak\u0131mlar\u0131yla evinize yeni bir soluk getirebilirsiniz.<\/p><p>\u00a0<\/p><p>Kervan Interior, yemek odas\u0131 tak\u0131mlar\u0131n\u0131n yan\u0131 s\u0131ra, di\u011fer mobilya ihtiya\u00e7lar\u0131n\u0131z i\u00e7in de \u00e7\u00f6z\u00fcmler sunmaktad\u0131r. Salon, yatak odas\u0131, oturma odas\u0131, \u00e7al\u0131\u015fma odas\u0131 gibi farkl\u0131 alanlar i\u00e7in de \u015f\u0131k ve kaliteli mobilya se\u00e7enekleri sunmaktad\u0131r. Ayr\u0131ca, dekorasyon \u00fcr\u00fcnleri, ayd\u0131nlatma \u00fcr\u00fcnleri ve tekstil \u00fcr\u00fcnleri gibi bir\u00e7ok farkl\u0131 \u00fcr\u00fcn \u00e7e\u015fidi de mevcuttur.<\/p><p>\u00a0<\/p><p>Kervan Interior, y\u00fcksek kaliteli malzemeler kullanarak, dayan\u0131kl\u0131 ve uzun \u00f6m\u00fcrl\u00fc mobilyalar \u00fcretmektedir. Ayr\u0131ca, m\u00fc\u015fteri memnuniyetine de b\u00fcy\u00fck \u00f6nem vermektedir. Siz de \u0130stanbul&#8217;da bir mobilya ma\u011fazas\u0131 aray\u0131\u015f\u0131 i\u00e7erisindeyseniz, Kervan Interior&#8217;u ziyaret edebilir, \u015f\u0131k ve kaliteli mobilya se\u00e7enekleri aras\u0131ndan kendinize en uygun olan\u0131 se\u00e7ebilirsiniz.<\/p><p>\u00a0<\/p><p>Sonu\u00e7 olarak, Kervan Interior&#8217;un \u0130stanbul&#8217;daki yemek odas\u0131 tak\u0131mlar\u0131, \u015f\u0131k tasar\u0131mlar\u0131 ve fonksiyonel \u00f6zellikleriyle evinize de\u011fer katacakt\u0131r. \u0130stanbul&#8217;da mobilya ma\u011fazas\u0131 aray\u0131\u015f\u0131 i\u00e7erisindeyseniz, Kervan Interior&#8217;u ziyaret ederek, evinizi yenilemek i\u00e7in ihtiyac\u0131n\u0131z olan t\u00fcm mobilyalar\u0131 bulabilirsiniz.<\/p><\/div>\t\t\t\t\t<\/div>\n\t\t\t\t\t\t<\/div>\n\t\t\t\t<\/div>\n\t\t\t\t\t\t<\/div>\n\t\t\t\t\t<\/div>\n\t\t<\/div>\n\t\t\t\t\t\t\t\t<\/div>\n\t\t\t\t\t<\/div>\n\t\t<\/section>\n\t\t\t\t\t\t\t\t\t<\/div>\n\t\t\t<\/div>\n\t\t\t\t\t<\/div>","protected":false},"excerpt":{"rendered":"<p>\u0130stanbul Yemek Odas\u0131 Tak\u0131mlar\u0131 Yemek odas\u0131 tak\u0131mlar\u0131, evinizin kalbi olan yemek odas\u0131n\u0131n dekorasyonunu tamamlamak i\u00e7in kullan\u0131lan \u00f6nemli bir mobilya par\u00e7as\u0131d\u0131r. \u0130stanbul&#8217;daki mobilya ma\u011fazalar\u0131 aras\u0131nda Kervan Interior, \u015f\u0131k ve modern tasar\u0131mlar\u0131yla yemek odas\u0131 tak\u0131mlar\u0131 konusunda \u00f6ne \u00e7\u0131kmaktad\u0131r. \u00a0 Kervan Interior, \u0130stanbul&#8217;da bir\u00e7ok farkl\u0131 yemek odas\u0131 tak\u0131m\u0131 se\u00e7ene\u011fi sunmaktad\u0131r. Her biri \u00f6zenle se\u00e7ilmi\u015f malzemelerden yap\u0131lm\u0131\u015f olan bu [&hellip;]<\/p>","protected":false},"author":1,"featured_media":0,"parent":0,"menu_order":0,"comment_status":"closed","ping_status":"closed","template":"","meta":[],"acf":[],"_links":{"self":[{"href":"https:\/\/kervaninterior.com.tr\/en\/wp-json\/wp\/v2\/pages\/1250"}],"collection":[{"href":"https:\/\/kervaninterior.com.tr\/en\/wp-json\/wp\/v2\/pages"}],"about":[{"href":"https:\/\/kervaninterior.com.tr\/en\/wp-json\/wp\/v2\/types\/page"}],"author":[{"embeddable":true,"href":"https:\/\/kervaninterior.com.tr\/en\/wp-json\/wp\/v2\/users\/1"}],"replies":[{"embeddable":true,"href":"https:\/\/kervaninterior.com.tr\/en\/wp-json\/wp\/v2\/comments?post=1250"}],"version-history":[{"count":13,"href":"https:\/\/kervaninterior.com.tr\/en\/wp-json\/wp\/v2\/pages\/1250\/revisions"}],"predecessor-version":[{"id":1264,"href":"https:\/\/kervaninterior.com.tr\/en\/wp-json\/wp\/v2\/pages\/1250\/revisions\/1264"}],"wp:attachment":[{"href":"https:\/\/kervaninterior.com.tr\/en\/wp-json\/wp\/v2\/media?parent=1250"}],"curies":[{"name":"wp","href":"https:\/\/api.w.org\/{rel}","templated":true}]}}