{"id":1202,"date":"2023-03-22T09:47:33","date_gmt":"2023-03-22T09:47:33","guid":{"rendered":"https:\/\/kervaninterior.com.tr\/?page_id=1202"},"modified":"2023-03-22T10:26:15","modified_gmt":"2023-03-22T10:26:15","slug":"mobilya-magazalari","status":"publish","type":"page","link":"https:\/\/kervaninterior.com.tr\/en\/mobilya-magazalari\/","title":{"rendered":"Mobilya Ma\u011fazalar\u0131"},"content":{"rendered":"<div data-elementor-type=\"wp-page\" data-elementor-id=\"1202\" class=\"elementor elementor-1202\">\n\t\t\t\t\t\t<div class=\"elementor-inner\">\n\t\t\t\t<div class=\"elementor-section-wrap\">\n\t\t\t\t\t\t\t\t\t<section class=\"elementor-section elementor-top-section elementor-element elementor-element-78d73294 elementor-section-height-min-height elementor-hidden-phone elementor-section-full_width elementor-section-stretched elementor-section-height-default elementor-section-items-middle\" data-id=\"78d73294\" data-element_type=\"section\" data-settings=\"{&quot;jet_parallax_layout_list&quot;:[{&quot;jet_parallax_layout_image&quot;:{&quot;url&quot;:&quot;&quot;,&quot;id&quot;:&quot;&quot;,&quot;size&quot;:&quot;&quot;},&quot;_id&quot;:&quot;0a622b5&quot;,&quot;jet_parallax_layout_image_tablet&quot;:{&quot;url&quot;:&quot;&quot;,&quot;id&quot;:&quot;&quot;,&quot;size&quot;:&quot;&quot;},&quot;jet_parallax_layout_image_mobile&quot;:{&quot;url&quot;:&quot;&quot;,&quot;id&quot;:&quot;&quot;,&quot;size&quot;:&quot;&quot;},&quot;jet_parallax_layout_speed&quot;:{&quot;unit&quot;:&quot;%&quot;,&quot;size&quot;:50,&quot;sizes&quot;:[]},&quot;jet_parallax_layout_type&quot;:&quot;scroll&quot;,&quot;jet_parallax_layout_direction&quot;:null,&quot;jet_parallax_layout_fx_direction&quot;:null,&quot;jet_parallax_layout_z_index&quot;:&quot;&quot;,&quot;jet_parallax_layout_bg_x&quot;:50,&quot;jet_parallax_layout_bg_x_tablet&quot;:&quot;&quot;,&quot;jet_parallax_layout_bg_x_mobile&quot;:&quot;&quot;,&quot;jet_parallax_layout_bg_y&quot;:50,&quot;jet_parallax_layout_bg_y_tablet&quot;:&quot;&quot;,&quot;jet_parallax_layout_bg_y_mobile&quot;:&quot;&quot;,&quot;jet_parallax_layout_bg_size&quot;:&quot;auto&quot;,&quot;jet_parallax_layout_bg_size_tablet&quot;:&quot;&quot;,&quot;jet_parallax_layout_bg_size_mobile&quot;:&quot;&quot;,&quot;jet_parallax_layout_animation_prop&quot;:&quot;transform&quot;,&quot;jet_parallax_layout_on&quot;:[&quot;desktop&quot;,&quot;tablet&quot;]}],&quot;background_background&quot;:&quot;slideshow&quot;,&quot;background_slideshow_gallery&quot;:[{&quot;id&quot;:864,&quot;url&quot;:&quot;http:\\\/\\\/kervaninterior.com.tr\\\/wp-content\\\/uploads\\\/2020\\\/12\\\/kervan-desktop-slider-01-1.jpg&quot;},{&quot;id&quot;:865,&quot;url&quot;:&quot;http:\\\/\\\/kervaninterior.com.tr\\\/wp-content\\\/uploads\\\/2020\\\/12\\\/kervan-desktop-slider-02-1.jpg&quot;},{&quot;id&quot;:866,&quot;url&quot;:&quot;http:\\\/\\\/kervaninterior.com.tr\\\/wp-content\\\/uploads\\\/2020\\\/12\\\/kervan-desktop-slider-03-1.jpg&quot;},{&quot;id&quot;:867,&quot;url&quot;:&quot;http:\\\/\\\/kervaninterior.com.tr\\\/wp-content\\\/uploads\\\/2020\\\/12\\\/kervan-desktop-slider-04-1.jpg&quot;},{&quot;id&quot;:868,&quot;url&quot;:&quot;http:\\\/\\\/kervaninterior.com.tr\\\/wp-content\\\/uploads\\\/2020\\\/12\\\/kervan-desktop-slider-05-1.jpg&quot;},{&quot;id&quot;:869,&quot;url&quot;:&quot;http:\\\/\\\/kervaninterior.com.tr\\\/wp-content\\\/uploads\\\/2020\\\/12\\\/kervan-desktop-slider-06-1.jpg&quot;}],&quot;background_slideshow_ken_burns&quot;:&quot;yes&quot;,&quot;stretch_section&quot;:&quot;section-stretched&quot;,&quot;background_slideshow_loop&quot;:&quot;yes&quot;,&quot;background_slideshow_slide_duration&quot;:5000,&quot;background_slideshow_slide_transition&quot;:&quot;fade&quot;,&quot;background_slideshow_transition_duration&quot;:500,&quot;background_slideshow_ken_burns_zoom_direction&quot;:&quot;in&quot;}\">\n\t\t\t\t\t\t<div class=\"elementor-container elementor-column-gap-no\">\n\t\t\t\t\t\t\t<div class=\"elementor-row\">\n\t\t\t\t\t<div class=\"elementor-column elementor-col-100 elementor-top-column elementor-element elementor-element-44bbf48f\" data-id=\"44bbf48f\" data-element_type=\"column\">\n\t\t\t<div class=\"elementor-column-wrap\">\n\t\t\t\t\t\t\t<div class=\"elementor-widget-wrap\">\n\t\t\t\t\t\t\t\t<\/div>\n\t\t\t\t\t<\/div>\n\t\t<\/div>\n\t\t\t\t\t\t\t\t<\/div>\n\t\t\t\t\t<\/div>\n\t\t<\/section>\n\t\t\t\t<section class=\"elementor-section elementor-top-section elementor-element elementor-element-6a1ee8c4 elementor-section-height-min-height elementor-hidden-desktop elementor-hidden-tablet elementor-section-stretched elementor-section-boxed elementor-section-height-default elementor-section-items-middle\" data-id=\"6a1ee8c4\" data-element_type=\"section\" data-settings=\"{&quot;jet_parallax_layout_list&quot;:[{&quot;jet_parallax_layout_image&quot;:{&quot;url&quot;:&quot;&quot;,&quot;id&quot;:&quot;&quot;,&quot;size&quot;:&quot;&quot;},&quot;_id&quot;:&quot;0a622b5&quot;,&quot;jet_parallax_layout_image_tablet&quot;:{&quot;url&quot;:&quot;&quot;,&quot;id&quot;:&quot;&quot;,&quot;size&quot;:&quot;&quot;},&quot;jet_parallax_layout_image_mobile&quot;:{&quot;url&quot;:&quot;&quot;,&quot;id&quot;:&quot;&quot;,&quot;size&quot;:&quot;&quot;},&quot;jet_parallax_layout_speed&quot;:{&quot;unit&quot;:&quot;%&quot;,&quot;size&quot;:50,&quot;sizes&quot;:[]},&quot;jet_parallax_layout_type&quot;:&quot;scroll&quot;,&quot;jet_parallax_layout_direction&quot;:null,&quot;jet_parallax_layout_fx_direction&quot;:null,&quot;jet_parallax_layout_z_index&quot;:&quot;&quot;,&quot;jet_parallax_layout_bg_x&quot;:50,&quot;jet_parallax_layout_bg_x_tablet&quot;:&quot;&quot;,&quot;jet_parallax_layout_bg_x_mobile&quot;:&quot;&quot;,&quot;jet_parallax_layout_bg_y&quot;:50,&quot;jet_parallax_layout_bg_y_tablet&quot;:&quot;&quot;,&quot;jet_parallax_layout_bg_y_mobile&quot;:&quot;&quot;,&quot;jet_parallax_layout_bg_size&quot;:&quot;auto&quot;,&quot;jet_parallax_layout_bg_size_tablet&quot;:&quot;&quot;,&quot;jet_parallax_layout_bg_size_mobile&quot;:&quot;&quot;,&quot;jet_parallax_layout_animation_prop&quot;:&quot;transform&quot;,&quot;jet_parallax_layout_on&quot;:[&quot;desktop&quot;,&quot;tablet&quot;]}],&quot;background_background&quot;:&quot;slideshow&quot;,&quot;background_slideshow_gallery&quot;:[{&quot;id&quot;:857,&quot;url&quot;:&quot;http:\\\/\\\/kervaninterior.com.tr\\\/wp-content\\\/uploads\\\/2020\\\/12\\\/kervan-interior-01.jpg&quot;},{&quot;id&quot;:858,&quot;url&quot;:&quot;http:\\\/\\\/kervaninterior.com.tr\\\/wp-content\\\/uploads\\\/2020\\\/12\\\/kervan-interior-02.jpg&quot;},{&quot;id&quot;:859,&quot;url&quot;:&quot;http:\\\/\\\/kervaninterior.com.tr\\\/wp-content\\\/uploads\\\/2020\\\/12\\\/kervan-interior-03.jpg&quot;},{&quot;id&quot;:860,&quot;url&quot;:&quot;http:\\\/\\\/kervaninterior.com.tr\\\/wp-content\\\/uploads\\\/2020\\\/12\\\/kervan-interior-04.jpg&quot;},{&quot;id&quot;:861,&quot;url&quot;:&quot;http:\\\/\\\/kervaninterior.com.tr\\\/wp-content\\\/uploads\\\/2020\\\/12\\\/kervan-interior-05.jpg&quot;},{&quot;id&quot;:862,&quot;url&quot;:&quot;http:\\\/\\\/kervaninterior.com.tr\\\/wp-content\\\/uploads\\\/2020\\\/12\\\/kervan-interior-06.jpg&quot;},{&quot;id&quot;:863,&quot;url&quot;:&quot;http:\\\/\\\/kervaninterior.com.tr\\\/wp-content\\\/uploads\\\/2020\\\/12\\\/kervan-interior-07.jpg&quot;}],&quot;background_slideshow_ken_burns&quot;:&quot;yes&quot;,&quot;stretch_section&quot;:&quot;section-stretched&quot;,&quot;background_slideshow_loop&quot;:&quot;yes&quot;,&quot;background_slideshow_slide_duration&quot;:5000,&quot;background_slideshow_slide_transition&quot;:&quot;fade&quot;,&quot;background_slideshow_transition_duration&quot;:500,&quot;background_slideshow_ken_burns_zoom_direction&quot;:&quot;in&quot;}\">\n\t\t\t\t\t\t<div class=\"elementor-container elementor-column-gap-no\">\n\t\t\t\t\t\t\t<div class=\"elementor-row\">\n\t\t\t\t\t<div class=\"elementor-column elementor-col-100 elementor-top-column elementor-element elementor-element-50fed999\" data-id=\"50fed999\" data-element_type=\"column\">\n\t\t\t<div class=\"elementor-column-wrap\">\n\t\t\t\t\t\t\t<div class=\"elementor-widget-wrap\">\n\t\t\t\t\t\t\t\t<\/div>\n\t\t\t\t\t<\/div>\n\t\t<\/div>\n\t\t\t\t\t\t\t\t<\/div>\n\t\t\t\t\t<\/div>\n\t\t<\/section>\n\t\t\t\t<section class=\"elementor-section elementor-top-section elementor-element elementor-element-e8fd1dc elementor-section-boxed elementor-section-height-default elementor-section-height-default\" data-id=\"e8fd1dc\" data-element_type=\"section\" data-settings=\"{&quot;jet_parallax_layout_list&quot;:[{&quot;jet_parallax_layout_image&quot;:{&quot;url&quot;:&quot;&quot;,&quot;id&quot;:&quot;&quot;,&quot;size&quot;:&quot;&quot;},&quot;_id&quot;:&quot;3a98107&quot;,&quot;jet_parallax_layout_image_tablet&quot;:{&quot;url&quot;:&quot;&quot;,&quot;id&quot;:&quot;&quot;,&quot;size&quot;:&quot;&quot;},&quot;jet_parallax_layout_image_mobile&quot;:{&quot;url&quot;:&quot;&quot;,&quot;id&quot;:&quot;&quot;,&quot;size&quot;:&quot;&quot;},&quot;jet_parallax_layout_speed&quot;:{&quot;unit&quot;:&quot;%&quot;,&quot;size&quot;:50,&quot;sizes&quot;:[]},&quot;jet_parallax_layout_type&quot;:&quot;scroll&quot;,&quot;jet_parallax_layout_direction&quot;:null,&quot;jet_parallax_layout_fx_direction&quot;:null,&quot;jet_parallax_layout_z_index&quot;:&quot;&quot;,&quot;jet_parallax_layout_bg_x&quot;:50,&quot;jet_parallax_layout_bg_x_tablet&quot;:&quot;&quot;,&quot;jet_parallax_layout_bg_x_mobile&quot;:&quot;&quot;,&quot;jet_parallax_layout_bg_y&quot;:50,&quot;jet_parallax_layout_bg_y_tablet&quot;:&quot;&quot;,&quot;jet_parallax_layout_bg_y_mobile&quot;:&quot;&quot;,&quot;jet_parallax_layout_bg_size&quot;:&quot;auto&quot;,&quot;jet_parallax_layout_bg_size_tablet&quot;:&quot;&quot;,&quot;jet_parallax_layout_bg_size_mobile&quot;:&quot;&quot;,&quot;jet_parallax_layout_animation_prop&quot;:&quot;transform&quot;,&quot;jet_parallax_layout_on&quot;:[&quot;desktop&quot;,&quot;tablet&quot;]}]}\">\n\t\t\t\t\t\t<div class=\"elementor-container elementor-column-gap-default\">\n\t\t\t\t\t\t\t<div class=\"elementor-row\">\n\t\t\t\t\t<div class=\"elementor-column elementor-col-100 elementor-top-column elementor-element elementor-element-f09a044\" data-id=\"f09a044\" data-element_type=\"column\">\n\t\t\t<div class=\"elementor-column-wrap elementor-element-populated\">\n\t\t\t\t\t\t\t<div class=\"elementor-widget-wrap\">\n\t\t\t\t\t\t<div class=\"elementor-element elementor-element-28ef551 elementor-widget elementor-widget-text-editor\" data-id=\"28ef551\" data-element_type=\"widget\" data-widget_type=\"text-editor.default\">\n\t\t\t\t<div class=\"elementor-widget-container\">\n\t\t\t\t\t\t\t\t<div class=\"elementor-text-editor elementor-clearfix\">\n\t\t\t\t<div class=\"page-bottom-title\">\n<h2>Koltuk Tak\u0131mlar\u0131<\/h2>\nKoltuk tak\u0131mlar\u0131, evlerimizin en \u00f6nemli mobilyalar\u0131ndan biridir. Bir koltuk tak\u0131m\u0131, genellikle bir kanepe, birka\u00e7 koltuk ve bazen bir sandalyeden olu\u015fur. Koltuk tak\u0131mlar\u0131, oturma odalar\u0131m\u0131z\u0131n dekorasyonunu tamamlayan ve evimizdeki en \u00e7ok kullan\u0131lan mobilyalardan biridir. Bir\u00e7ok farkl\u0131 tarzda koltuk tak\u0131m\u0131 mevcuttur. Modern, klasik, country tarz\u0131 ve daha bir\u00e7ok se\u00e7enek aras\u0131ndan se\u00e7im yapabilirsiniz. Koltuk tak\u0131mlar\u0131 ayr\u0131ca farkl\u0131 renk ve kuma\u015flarda da mevcuttur. Bu nedenle, her evin tarz\u0131na ve ihtiya\u00e7lar\u0131na uygun bir koltuk tak\u0131m\u0131 bulmak m\u00fcmk\u00fcnd\u00fcr. Koltuk tak\u0131mlar\u0131 ayn\u0131 zamanda rahatl\u0131k ve i\u015flevsellik a\u00e7\u0131s\u0131ndan da \u00f6nemlidir. Do\u011fru koltuk tak\u0131m\u0131n\u0131 se\u00e7mek, oturma odas\u0131 deneyimini daha rahat ve keyifli hale getirebilir. Baz\u0131 koltuk tak\u0131mlar\u0131, yata\u011fa d\u00f6n\u00fc\u015ft\u00fcr\u00fclebilen modellere sahiptir, bu da konuklar\u0131n\u0131z\u0131n kalmas\u0131 durumunda fazladan yatak odas\u0131 ihtiyac\u0131 olmadan onlara konforlu bir yatak sa\u011flar. T\u00fcm bunlar\u0131n yan\u0131 s\u0131ra, koltuk tak\u0131mlar\u0131, y\u0131llarca kullan\u0131labilecek dayan\u0131kl\u0131 bir mobilya par\u00e7as\u0131d\u0131r ve do\u011fru bak\u0131m yap\u0131ld\u0131\u011f\u0131nda uzun \u00f6m\u00fcrl\u00fc olabilir.\n\n&nbsp;\n\nKoltuk tak\u0131mlar\u0131n\u0131n se\u00e7iminde dikkat edilmesi gereken birka\u00e7 \u00f6nemli nokta vard\u0131r. Bunlardan biri koltuk tak\u0131m\u0131n\u0131n boyutlar\u0131d\u0131r. Oturma odas\u0131 boyutlar\u0131na g\u00f6re do\u011fru boyutta bir koltuk tak\u0131m\u0131 se\u00e7mek, odan\u0131n ferah g\u00f6r\u00fcnmesini sa\u011flar. Ayr\u0131ca koltuk tak\u0131m\u0131n\u0131n kuma\u015f\u0131 da \u00f6nemlidir. Kuma\u015f se\u00e7imi, koltuk tak\u0131m\u0131n\u0131n dayan\u0131kl\u0131l\u0131\u011f\u0131, rahatl\u0131\u011f\u0131 ve g\u00f6r\u00fcn\u00fcm\u00fc a\u00e7\u0131s\u0131ndan b\u00fcy\u00fck bir etkiye sahiptir. Ayr\u0131ca kuma\u015f\u0131n kolay temizlenebilir olmas\u0131 da \u00f6nemlidir, b\u00f6ylece koltuk tak\u0131m\u0131 uzun s\u00fcre temiz ve iyi g\u00f6r\u00fcn\u00fcr. Koltuk tak\u0131m\u0131n\u0131n konforu da g\u00f6z \u00f6n\u00fcnde bulundurulmas\u0131 gereken bir fakt\u00f6rd\u00fcr. Yumu\u015fak minderler, y\u00fcksek s\u0131rtl\u0131klar ve kollar, koltuk tak\u0131m\u0131n\u0131n daha rahat bir oturma deneyimi sunmas\u0131na yard\u0131mc\u0131 olur. Son olarak, koltuk tak\u0131m\u0131n\u0131n tarz\u0131 da evin di\u011fer dekorasyonu ile uyumlu olmal\u0131d\u0131r. Bu nedenle, koltuk tak\u0131m\u0131 se\u00e7imi yaparken, evin di\u011fer mobilyalar\u0131, hal\u0131 ve perde gibi aksesuarlar\u0131 da d\u00fc\u015f\u00fcnmek \u00f6nemlidir. Koltuk tak\u0131mlar\u0131, evimizin en \u00f6nemli ve en s\u0131k kullan\u0131lan mobilyalar\u0131ndan biridir. Do\u011fru bir koltuk tak\u0131m\u0131 se\u00e7imi, evimizin dekorasyonunu tamamlarken ayn\u0131 zamanda rahat ve keyifli bir oturma deneyimi sunar.\n\n&nbsp;\n\nKoltuk tak\u0131m\u0131 se\u00e7imi yaparken, b\u00fct\u00e7e de \u00f6nemli bir fakt\u00f6rd\u00fcr. Farkl\u0131 fiyat aral\u0131klar\u0131nda bir\u00e7ok farkl\u0131 koltuk tak\u0131m\u0131 se\u00e7ene\u011fi mevcuttur. Fakat, pahal\u0131 bir koltuk tak\u0131m\u0131 her zaman kaliteli ve dayan\u0131kl\u0131 olmayabilir. Bu nedenle, b\u00fct\u00e7enize uygun bir koltuk tak\u0131m\u0131 se\u00e7erken kaliteyi de g\u00f6z \u00f6n\u00fcnde bulundurman\u0131z \u00f6nemlidir. Koltuk tak\u0131m\u0131 sat\u0131n almadan \u00f6nce, ma\u011fazalarda farkl\u0131 modelleri deneyebilir ve oturma pozisyonunu test edebilirsiniz. Ayr\u0131ca, bir\u00e7ok ma\u011faza koltuk tak\u0131mlar\u0131n\u0131 \u00f6zelle\u015ftirme se\u00e7ene\u011fi de sunar. Bu se\u00e7enekle, koltuk tak\u0131m\u0131n\u0131n boyutlar\u0131, kuma\u015f\u0131, rengi ve di\u011fer detaylar\u0131 sizin zevkinize g\u00f6re \u00f6zelle\u015ftirilebilir. Bu da evinizde tam olarak arad\u0131\u011f\u0131n\u0131z tarzda bir koltuk tak\u0131m\u0131 yaratman\u0131z\u0131 sa\u011flar. Sonu\u00e7 olarak, koltuk tak\u0131m\u0131 se\u00e7imi yaparken do\u011fru boyut, kuma\u015f, konfor ve tarz gibi fakt\u00f6rleri g\u00f6z \u00f6n\u00fcnde bulundurman\u0131z \u00f6nemlidir. Ayr\u0131ca, b\u00fct\u00e7enizi ve \u00f6zelle\u015ftirme se\u00e7eneklerini de de\u011ferlendirerek, evinizde hem \u015f\u0131k hem de rahat bir oturma alan\u0131 yaratabilirsiniz.\n<\/div>\t\t\t\t\t<\/div>\n\t\t\t\t\t\t<\/div>\n\t\t\t\t<\/div>\n\t\t\t\t\t\t<\/div>\n\t\t\t\t\t<\/div>\n\t\t<\/div>\n\t\t\t\t\t\t\t\t<\/div>\n\t\t\t\t\t<\/div>\n\t\t<\/section>\n\t\t\t\t\t\t\t\t\t<\/div>\n\t\t\t<\/div>\n\t\t\t\t\t<\/div>","protected":false},"excerpt":{"rendered":"<p>Koltuk Tak\u0131mlar\u0131 Koltuk tak\u0131mlar\u0131, evlerimizin en \u00f6nemli mobilyalar\u0131ndan biridir. Bir koltuk tak\u0131m\u0131, genellikle bir kanepe, birka\u00e7 koltuk ve bazen bir sandalyeden olu\u015fur. Koltuk tak\u0131mlar\u0131, oturma odalar\u0131m\u0131z\u0131n dekorasyonunu tamamlayan ve evimizdeki en \u00e7ok kullan\u0131lan mobilyalardan biridir. Bir\u00e7ok farkl\u0131 tarzda koltuk tak\u0131m\u0131 mevcuttur. Modern, klasik, country tarz\u0131 ve daha bir\u00e7ok se\u00e7enek aras\u0131ndan se\u00e7im yapabilirsiniz. Koltuk tak\u0131mlar\u0131 ayr\u0131ca [&hellip;]<\/p>","protected":false},"author":1,"featured_media":0,"parent":0,"menu_order":0,"comment_status":"closed","ping_status":"closed","template":"","meta":[],"acf":[],"_links":{"self":[{"href":"https:\/\/kervaninterior.com.tr\/en\/wp-json\/wp\/v2\/pages\/1202"}],"collection":[{"href":"https:\/\/kervaninterior.com.tr\/en\/wp-json\/wp\/v2\/pages"}],"about":[{"href":"https:\/\/kervaninterior.com.tr\/en\/wp-json\/wp\/v2\/types\/page"}],"author":[{"embeddable":true,"href":"https:\/\/kervaninterior.com.tr\/en\/wp-json\/wp\/v2\/users\/1"}],"replies":[{"embeddable":true,"href":"https:\/\/kervaninterior.com.tr\/en\/wp-json\/wp\/v2\/comments?post=1202"}],"version-history":[{"count":15,"href":"https:\/\/kervaninterior.com.tr\/en\/wp-json\/wp\/v2\/pages\/1202\/revisions"}],"predecessor-version":[{"id":1249,"href":"https:\/\/kervaninterior.com.tr\/en\/wp-json\/wp\/v2\/pages\/1202\/revisions\/1249"}],"wp:attachment":[{"href":"https:\/\/kervaninterior.com.tr\/en\/wp-json\/wp\/v2\/media?parent=1202"}],"curies":[{"name":"wp","href":"https:\/\/api.w.org\/{rel}","templated":true}]}}